{"id":57,"date":"2025-02-13T18:42:15","date_gmt":"2025-02-13T18:42:15","guid":{"rendered":"https:\/\/dreamwave-agency.com\/index.php\/smith-consulting-about-page\/"},"modified":"2025-03-23T13:02:11","modified_gmt":"2025-03-23T13:02:11","slug":"about-page","status":"publish","type":"page","link":"https:\/\/dreamwave-agency.com\/index.php\/about-page\/","title":{"rendered":"A PROPOS"},"content":{"rendered":"\t\t<div data-elementor-type=\"wp-page\" data-elementor-id=\"57\" class=\"elementor elementor-57\" data-elementor-post-type=\"page\">\n\t\t\t\t\t\t<section data-particle_enable=\"false\" data-particle-mobile-disabled=\"false\" class=\"elementor-section elementor-top-section elementor-element elementor-element-593e726 elementor-section-height-min-height elementor-section-boxed elementor-section-height-default elementor-section-items-middle\" data-id=\"593e726\" data-element_type=\"section\" data-settings=\"{&quot;background_background&quot;:&quot;classic&quot;}\">\n\t\t\t\t\t\t\t<div class=\"elementor-background-overlay\"><\/div>\n\t\t\t\t\t\t\t<div class=\"elementor-container elementor-column-gap-default\">\n\t\t\t\t\t<div class=\"elementor-column elementor-col-100 elementor-top-column elementor-element elementor-element-8b27f39\" data-id=\"8b27f39\" data-element_type=\"column\">\n\t\t\t<div class=\"elementor-widget-wrap elementor-element-populated\">\n\t\t\t\t\t\t<div class=\"elementor-element elementor-element-5f892ea elementor-widget__width-auto elementor-widget elementor-widget-button\" data-id=\"5f892ea\" data-element_type=\"widget\" data-widget_type=\"button.default\">\n\t\t\t\t<div class=\"elementor-widget-container\">\n\t\t\t\t\t\t\t\t\t<div class=\"elementor-button-wrapper\">\n\t\t\t\t\t<a class=\"elementor-button elementor-button-link elementor-size-sm\" href=\"https:\/\/dreamwave-agency.com\">\n\t\t\t\t\t\t<span class=\"elementor-button-content-wrapper\">\n\t\t\t\t\t\t<span class=\"elementor-button-icon\">\n\t\t\t\t<svg aria-hidden=\"true\" class=\"e-font-icon-svg e-far-arrow-alt-circle-right\" viewBox=\"0 0 512 512\" xmlns=\"http:\/\/www.w3.org\/2000\/svg\"><path d=\"M504 256C504 119 393 8 256 8S8 119 8 256s111 248 248 248 248-111 248-248zm-448 0c0-110.5 89.5-200 200-200s200 89.5 200 200-89.5 200-200 200S56 366.5 56 256zm72 20v-40c0-6.6 5.4-12 12-12h116v-67c0-10.7 12.9-16 20.5-8.5l99 99c4.7 4.7 4.7 12.3 0 17l-99 99c-7.6 7.6-20.5 2.2-20.5-8.5v-67H140c-6.6 0-12-5.4-12-12z\"><\/path><\/svg>\t\t\t<\/span>\n\t\t\t\t\t\t\t\t\t<span class=\"elementor-button-text\">ACCUEIL<\/span>\n\t\t\t\t\t<\/span>\n\t\t\t\t\t<\/a>\n\t\t\t\t<\/div>\n\t\t\t\t\t\t\t\t<\/div>\n\t\t\t\t<\/div>\n\t\t\t\t<div class=\"elementor-element elementor-element-909e676 elementor-widget__width-auto elementor-widget elementor-widget-button\" data-id=\"909e676\" data-element_type=\"widget\" data-widget_type=\"button.default\">\n\t\t\t\t<div class=\"elementor-widget-container\">\n\t\t\t\t\t\t\t\t\t<div class=\"elementor-button-wrapper\">\n\t\t\t\t\t<a class=\"elementor-button elementor-size-sm\" role=\"button\">\n\t\t\t\t\t\t<span class=\"elementor-button-content-wrapper\">\n\t\t\t\t\t\t\t\t\t<span class=\"elementor-button-text\">A PROPOS<\/span>\n\t\t\t\t\t<\/span>\n\t\t\t\t\t<\/a>\n\t\t\t\t<\/div>\n\t\t\t\t\t\t\t\t<\/div>\n\t\t\t\t<\/div>\n\t\t\t\t\t<\/div>\n\t\t<\/div>\n\t\t\t\t\t<\/div>\n\t\t<\/section>\n\t\t\t\t<section data-particle_enable=\"false\" data-particle-mobile-disabled=\"false\" class=\"elementor-section elementor-top-section elementor-element elementor-element-88176a1 elementor-section-full_width elementor-section-height-default elementor-section-height-default\" data-id=\"88176a1\" data-element_type=\"section\" data-settings=\"{&quot;background_background&quot;:&quot;classic&quot;,&quot;motion_fx_motion_fx_scrolling&quot;:&quot;yes&quot;,&quot;motion_fx_translateY_effect&quot;:&quot;yes&quot;,&quot;motion_fx_translateY_direction&quot;:&quot;negative&quot;,&quot;motion_fx_translateY_speed&quot;:{&quot;unit&quot;:&quot;px&quot;,&quot;size&quot;:1,&quot;sizes&quot;:[]},&quot;motion_fx_translateY_affectedRange&quot;:{&quot;unit&quot;:&quot;%&quot;,&quot;size&quot;:&quot;&quot;,&quot;sizes&quot;:{&quot;start&quot;:0,&quot;end&quot;:100}},&quot;motion_fx_devices&quot;:[&quot;desktop&quot;,&quot;tablet&quot;,&quot;mobile&quot;]}\">\n\t\t\t\t\t\t<div class=\"elementor-container elementor-column-gap-default\">\n\t\t\t\t\t<div class=\"elementor-column elementor-col-100 elementor-top-column elementor-element elementor-element-e4fd401\" data-id=\"e4fd401\" data-element_type=\"column\">\n\t\t\t<div class=\"elementor-widget-wrap elementor-element-populated\">\n\t\t\t\t\t\t<div class=\"elementor-element elementor-element-d7728b7 elementor-widget__width-initial elementor-widget-mobile__width-initial elementor-absolute elementor-invisible elementor-widget elementor-widget-image\" data-id=\"d7728b7\" data-element_type=\"widget\" data-settings=\"{&quot;motion_fx_motion_fx_scrolling&quot;:&quot;yes&quot;,&quot;motion_fx_translateY_effect&quot;:&quot;yes&quot;,&quot;motion_fx_translateY_direction&quot;:&quot;negative&quot;,&quot;motion_fx_translateY_speed&quot;:{&quot;unit&quot;:&quot;px&quot;,&quot;size&quot;:1,&quot;sizes&quot;:[]},&quot;_animation&quot;:&quot;fadeInRight&quot;,&quot;_position&quot;:&quot;absolute&quot;,&quot;motion_fx_translateY_affectedRange&quot;:{&quot;unit&quot;:&quot;%&quot;,&quot;size&quot;:&quot;&quot;,&quot;sizes&quot;:{&quot;start&quot;:0,&quot;end&quot;:100}},&quot;motion_fx_devices&quot;:[&quot;desktop&quot;,&quot;tablet&quot;,&quot;mobile&quot;]}\" data-widget_type=\"image.default\">\n\t\t\t\t<div class=\"elementor-widget-container\">\n\t\t\t\t\t\t\t\t\t\t\t\t\t\t\t<img decoding=\"async\" width=\"125\" height=\"188\" src=\"https:\/\/dreamwave-agency.com\/wp-content\/uploads\/2025\/02\/847ab5b0-hero-pattern-2.png\" class=\"attachment-full size-full wp-image-24\" alt=\"\" \/>\t\t\t\t\t\t\t\t\t\t\t\t\t\t\t<\/div>\n\t\t\t\t<\/div>\n\t\t\t\t<div class=\"elementor-element elementor-element-fb39639 elementor-widget__width-initial elementor-widget-mobile__width-initial elementor-absolute elementor-invisible elementor-widget elementor-widget-image\" data-id=\"fb39639\" data-element_type=\"widget\" data-settings=\"{&quot;motion_fx_motion_fx_scrolling&quot;:&quot;yes&quot;,&quot;motion_fx_translateY_effect&quot;:&quot;yes&quot;,&quot;motion_fx_translateY_speed&quot;:{&quot;unit&quot;:&quot;px&quot;,&quot;size&quot;:1,&quot;sizes&quot;:[]},&quot;_animation&quot;:&quot;fadeInLeft&quot;,&quot;_position&quot;:&quot;absolute&quot;,&quot;motion_fx_translateY_affectedRange&quot;:{&quot;unit&quot;:&quot;%&quot;,&quot;size&quot;:&quot;&quot;,&quot;sizes&quot;:{&quot;start&quot;:0,&quot;end&quot;:100}},&quot;motion_fx_devices&quot;:[&quot;desktop&quot;,&quot;tablet&quot;,&quot;mobile&quot;]}\" data-widget_type=\"image.default\">\n\t\t\t\t<div class=\"elementor-widget-container\">\n\t\t\t\t\t\t\t\t\t\t\t\t\t\t\t<img decoding=\"async\" width=\"125\" height=\"188\" src=\"https:\/\/dreamwave-agency.com\/wp-content\/uploads\/2025\/02\/fac8a910-hero-pattern-3.png\" class=\"attachment-full size-full wp-image-26\" alt=\"\" \/>\t\t\t\t\t\t\t\t\t\t\t\t\t\t\t<\/div>\n\t\t\t\t<\/div>\n\t\t\t\t<section data-particle_enable=\"false\" data-particle-mobile-disabled=\"false\" class=\"elementor-section elementor-inner-section elementor-element elementor-element-dd064be elementor-section-boxed elementor-section-height-default elementor-section-height-default\" data-id=\"dd064be\" data-element_type=\"section\">\n\t\t\t\t\t\t<div class=\"elementor-container elementor-column-gap-default\">\n\t\t\t\t\t<div class=\"elementor-column elementor-col-50 elementor-inner-column elementor-element elementor-element-5ea860f\" data-id=\"5ea860f\" data-element_type=\"column\">\n\t\t\t<div class=\"elementor-widget-wrap elementor-element-populated\">\n\t\t\t\t\t\t<div class=\"elementor-element elementor-element-da853cb elementor-widget__width-initial elementor-absolute elementor-invisible elementor-widget elementor-widget-image\" data-id=\"da853cb\" data-element_type=\"widget\" data-settings=\"{&quot;motion_fx_motion_fx_scrolling&quot;:&quot;yes&quot;,&quot;motion_fx_translateY_effect&quot;:&quot;yes&quot;,&quot;motion_fx_translateY_direction&quot;:&quot;negative&quot;,&quot;motion_fx_translateY_speed&quot;:{&quot;unit&quot;:&quot;px&quot;,&quot;size&quot;:1,&quot;sizes&quot;:[]},&quot;motion_fx_translateX_effect&quot;:&quot;yes&quot;,&quot;motion_fx_translateX_speed&quot;:{&quot;unit&quot;:&quot;px&quot;,&quot;size&quot;:1,&quot;sizes&quot;:[]},&quot;_animation&quot;:&quot;fadeIn&quot;,&quot;_animation_delay&quot;:500,&quot;_position&quot;:&quot;absolute&quot;,&quot;motion_fx_translateY_affectedRange&quot;:{&quot;unit&quot;:&quot;%&quot;,&quot;size&quot;:&quot;&quot;,&quot;sizes&quot;:{&quot;start&quot;:0,&quot;end&quot;:100}},&quot;motion_fx_translateX_affectedRange&quot;:{&quot;unit&quot;:&quot;%&quot;,&quot;size&quot;:&quot;&quot;,&quot;sizes&quot;:{&quot;start&quot;:0,&quot;end&quot;:100}},&quot;motion_fx_devices&quot;:[&quot;desktop&quot;,&quot;tablet&quot;,&quot;mobile&quot;]}\" data-widget_type=\"image.default\">\n\t\t\t\t<div class=\"elementor-widget-container\">\n\t\t\t\t\t\t\t\t\t\t\t\t\t\t\t<img fetchpriority=\"high\" decoding=\"async\" width=\"270\" height=\"269\" src=\"https:\/\/dreamwave-agency.com\/wp-content\/uploads\/2025\/02\/1b1e3ad3-about-me-shape-1.png\" class=\"attachment-full size-full wp-image-79\" alt=\"\" srcset=\"https:\/\/dreamwave-agency.com\/wp-content\/uploads\/2025\/02\/1b1e3ad3-about-me-shape-1.png 270w, https:\/\/dreamwave-agency.com\/wp-content\/uploads\/2025\/02\/1b1e3ad3-about-me-shape-1-150x150.png 150w\" sizes=\"(max-width: 270px) 100vw, 270px\" \/>\t\t\t\t\t\t\t\t\t\t\t\t\t\t\t<\/div>\n\t\t\t\t<\/div>\n\t\t\t\t<div class=\"elementor-element elementor-element-f1d3ace elementor-widget__width-initial elementor-absolute elementor-invisible elementor-widget elementor-widget-image\" data-id=\"f1d3ace\" data-element_type=\"widget\" data-settings=\"{&quot;motion_fx_motion_fx_scrolling&quot;:&quot;yes&quot;,&quot;motion_fx_translateY_effect&quot;:&quot;yes&quot;,&quot;motion_fx_translateY_speed&quot;:{&quot;unit&quot;:&quot;px&quot;,&quot;size&quot;:1,&quot;sizes&quot;:[]},&quot;motion_fx_translateX_effect&quot;:&quot;yes&quot;,&quot;motion_fx_translateX_direction&quot;:&quot;negative&quot;,&quot;motion_fx_translateX_speed&quot;:{&quot;unit&quot;:&quot;px&quot;,&quot;size&quot;:1,&quot;sizes&quot;:[]},&quot;_animation&quot;:&quot;fadeIn&quot;,&quot;_animation_delay&quot;:500,&quot;_position&quot;:&quot;absolute&quot;,&quot;motion_fx_translateY_affectedRange&quot;:{&quot;unit&quot;:&quot;%&quot;,&quot;size&quot;:&quot;&quot;,&quot;sizes&quot;:{&quot;start&quot;:0,&quot;end&quot;:100}},&quot;motion_fx_translateX_affectedRange&quot;:{&quot;unit&quot;:&quot;%&quot;,&quot;size&quot;:&quot;&quot;,&quot;sizes&quot;:{&quot;start&quot;:0,&quot;end&quot;:100}},&quot;motion_fx_devices&quot;:[&quot;desktop&quot;,&quot;tablet&quot;,&quot;mobile&quot;]}\" data-widget_type=\"image.default\">\n\t\t\t\t<div class=\"elementor-widget-container\">\n\t\t\t\t\t\t\t\t\t\t\t\t\t\t\t<img loading=\"lazy\" decoding=\"async\" width=\"270\" height=\"269\" src=\"https:\/\/dreamwave-agency.com\/wp-content\/uploads\/2025\/02\/040ac87d-about-me-shape-2.png\" class=\"attachment-full size-full wp-image-80\" alt=\"\" srcset=\"https:\/\/dreamwave-agency.com\/wp-content\/uploads\/2025\/02\/040ac87d-about-me-shape-2.png 270w, https:\/\/dreamwave-agency.com\/wp-content\/uploads\/2025\/02\/040ac87d-about-me-shape-2-150x150.png 150w\" sizes=\"(max-width: 270px) 100vw, 270px\" \/>\t\t\t\t\t\t\t\t\t\t\t\t\t\t\t<\/div>\n\t\t\t\t<\/div>\n\t\t\t\t<div class=\"elementor-element elementor-element-a5f4a71 elementor-invisible elementor-widget elementor-widget-image\" data-id=\"a5f4a71\" data-element_type=\"widget\" data-settings=\"{&quot;_animation&quot;:&quot;fadeInLeft&quot;}\" data-widget_type=\"image.default\">\n\t\t\t\t<div class=\"elementor-widget-container\">\n\t\t\t\t\t\t\t\t\t\t\t\t\t\t\t<img loading=\"lazy\" decoding=\"async\" width=\"1748\" height=\"2481\" src=\"https:\/\/dreamwave-agency.com\/wp-content\/uploads\/2025\/03\/bddf_Plan-de-travail-1.png\" class=\"attachment-full size-full wp-image-277\" alt=\"\" srcset=\"https:\/\/dreamwave-agency.com\/wp-content\/uploads\/2025\/03\/bddf_Plan-de-travail-1.png 1748w, https:\/\/dreamwave-agency.com\/wp-content\/uploads\/2025\/03\/bddf_Plan-de-travail-1-211x300.png 211w, https:\/\/dreamwave-agency.com\/wp-content\/uploads\/2025\/03\/bddf_Plan-de-travail-1-721x1024.png 721w, https:\/\/dreamwave-agency.com\/wp-content\/uploads\/2025\/03\/bddf_Plan-de-travail-1-768x1090.png 768w, https:\/\/dreamwave-agency.com\/wp-content\/uploads\/2025\/03\/bddf_Plan-de-travail-1-1082x1536.png 1082w, https:\/\/dreamwave-agency.com\/wp-content\/uploads\/2025\/03\/bddf_Plan-de-travail-1-1443x2048.png 1443w\" sizes=\"(max-width: 1748px) 100vw, 1748px\" \/>\t\t\t\t\t\t\t\t\t\t\t\t\t\t\t<\/div>\n\t\t\t\t<\/div>\n\t\t\t\t\t<\/div>\n\t\t<\/div>\n\t\t\t\t<div class=\"elementor-column elementor-col-50 elementor-inner-column elementor-element elementor-element-64fd966\" data-id=\"64fd966\" data-element_type=\"column\">\n\t\t\t<div class=\"elementor-widget-wrap elementor-element-populated\">\n\t\t\t\t\t\t<div class=\"elementor-element elementor-element-415529a eael-dual-header-content-align-left elementor-invisible elementor-widget elementor-widget-eael-dual-color-header\" data-id=\"415529a\" data-element_type=\"widget\" data-settings=\"{&quot;_animation&quot;:&quot;fadeInRight&quot;}\" data-widget_type=\"eael-dual-color-header.default\">\n\t\t\t\t<div class=\"elementor-widget-container\">\n\t\t\t\t\t\t\t\t<div class=\"eael-dual-header\">\n\t\t\t\t<h2 class=\"title\"><span class=\"lead solid-color\">\u00e0 propos <\/span> <span>de nous<\/span><\/h2>\t\t\t\t<span class=\"subtext\"><\/span>\n\t\t\t\t\t\t\t<\/div>\n\n\t\t\t\t\t\t<\/div>\n\t\t\t\t<\/div>\n\t\t\t\t<div class=\"elementor-element elementor-element-2aef667 elementor-invisible elementor-widget elementor-widget-heading\" data-id=\"2aef667\" data-element_type=\"widget\" data-settings=\"{&quot;_animation&quot;:&quot;fadeInRight&quot;}\" data-widget_type=\"heading.default\">\n\t\t\t\t<div class=\"elementor-widget-container\">\n\t\t\t\t\t<p class=\"elementor-heading-title elementor-size-default\">DREAM WAVE est une agence de publicit\u00e9 et d\u2019\u00e9v\u00e9nementiel \u00e0 la fois dynamique et innovante, cr\u00e9\u00e9e avec l\u2019ambition de donner vie aux id\u00e9es cr\u00e9atives en les transformant en r\u00e9alisations concr\u00e8tes et percutantes. Forts d\u2019une expertise approfondie et d\u2019une passion pour la communication visuelle et \u00e9v\u00e9nementielle, nous mettons notre savoir-faire au service de nos clients pour leur offrir des solutions sur mesure et \u00e0 forte valeur ajout\u00e9e.\n\nGr\u00e2ce \u00e0 une approche int\u00e9gr\u00e9e et une compr\u00e9hension pointue des tendances du march\u00e9, nous accompagnons les entreprises de tous horizons dans le d\u00e9veloppement de leur image de marque et l\u2019organisation d\u2019\u00e9v\u00e9nements m\u00e9morables. Notre agence propose une gamme compl\u00e8te de services allant du design graphique \u00e0 la production audiovisuelle, en passant par la cr\u00e9ation de supports publicitaires, le packaging et l\u2019impression sous toutes ses formes.\n\nQu\u2019il s\u2019agisse de campagnes publicitaires impactantes, d\u2019\u00e9v\u00e9nements corporate \u00e9l\u00e9gants ou de strat\u00e9gies de communication innovantes, DREAM WAVE s\u2019engage \u00e0 fournir des prestations de qualit\u00e9, adapt\u00e9es aux besoins sp\u00e9cifiques de chaque client. Notre mission est de faire rayonner les marques en conjuguant cr\u00e9ativit\u00e9, technologie et expertise, afin d\u2019assurer des exp\u00e9riences uniques et inoubliables.<\/p>\t\t\t\t<\/div>\n\t\t\t\t<\/div>\n\t\t\t\t\t<\/div>\n\t\t<\/div>\n\t\t\t\t\t<\/div>\n\t\t<\/section>\n\t\t\t\t\t<\/div>\n\t\t<\/div>\n\t\t\t\t\t<\/div>\n\t\t<\/section>\n\t\t\t\t<section data-particle_enable=\"false\" data-particle-mobile-disabled=\"false\" class=\"elementor-section elementor-top-section elementor-element elementor-element-b6e8e6f elementor-section-boxed elementor-section-height-default elementor-section-height-default\" data-id=\"b6e8e6f\" data-element_type=\"section\" data-settings=\"{&quot;background_background&quot;:&quot;classic&quot;}\">\n\t\t\t\t\t\t<div class=\"elementor-container elementor-column-gap-default\">\n\t\t\t\t\t<div class=\"elementor-column elementor-col-100 elementor-top-column elementor-element elementor-element-727d218\" data-id=\"727d218\" data-element_type=\"column\">\n\t\t\t<div class=\"elementor-widget-wrap elementor-element-populated\">\n\t\t\t\t\t\t<section data-particle_enable=\"false\" data-particle-mobile-disabled=\"false\" class=\"elementor-section elementor-inner-section elementor-element elementor-element-27f153b elementor-section-boxed elementor-section-height-default elementor-section-height-default\" data-id=\"27f153b\" data-element_type=\"section\">\n\t\t\t\t\t\t<div class=\"elementor-container elementor-column-gap-default\">\n\t\t\t\t\t<div class=\"elementor-column elementor-col-100 elementor-inner-column elementor-element elementor-element-7376ed2\" data-id=\"7376ed2\" data-element_type=\"column\">\n\t\t\t<div class=\"elementor-widget-wrap elementor-element-populated\">\n\t\t\t\t\t\t<div class=\"elementor-element elementor-element-47b2682 eael-dual-header-content-align-center elementor-invisible elementor-widget elementor-widget-eael-dual-color-header\" data-id=\"47b2682\" data-element_type=\"widget\" data-settings=\"{&quot;_animation&quot;:&quot;fadeInUp&quot;}\" data-widget_type=\"eael-dual-color-header.default\">\n\t\t\t\t<div class=\"elementor-widget-container\">\n\t\t\t\t\t\t\t\t<div class=\"eael-dual-header\">\n\t\t\t\t<h2 class=\"title\"><span class=\"lead solid-color\">dream wave agency<\/span> <span>c'est :<\/span><\/h2>\t\t\t\t<span class=\"subtext\"><\/span>\n\t\t\t\t\t\t\t<\/div>\n\n\t\t\t\t\t\t<\/div>\n\t\t\t\t<\/div>\n\t\t\t\t\t<\/div>\n\t\t<\/div>\n\t\t\t\t\t<\/div>\n\t\t<\/section>\n\t\t\t\t<section data-particle_enable=\"false\" data-particle-mobile-disabled=\"false\" class=\"elementor-section elementor-inner-section elementor-element elementor-element-5d6440d elementor-section-boxed elementor-section-height-default elementor-section-height-default\" data-id=\"5d6440d\" data-element_type=\"section\">\n\t\t\t\t\t\t<div class=\"elementor-container elementor-column-gap-default\">\n\t\t\t\t\t<div class=\"elementor-column elementor-col-100 elementor-inner-column elementor-element elementor-element-cca6f37\" data-id=\"cca6f37\" data-element_type=\"column\">\n\t\t\t<div class=\"elementor-widget-wrap elementor-element-populated\">\n\t\t\t\t<div data-particle_enable=\"false\" data-particle-mobile-disabled=\"false\" class=\"elementor-element elementor-element-9dbee3b e-flex e-con-boxed e-con e-parent\" data-id=\"9dbee3b\" data-element_type=\"container\">\n\t\t\t\t\t<div class=\"e-con-inner\">\n\t\t<div data-particle_enable=\"false\" data-particle-mobile-disabled=\"false\" class=\"elementor-element elementor-element-e78e437 e-grid e-con-full e-con e-child\" data-id=\"e78e437\" data-element_type=\"container\">\n\t\t\t\t<div class=\"elementor-element elementor-element-6920885 elementor-widget elementor-widget-image\" data-id=\"6920885\" data-element_type=\"widget\" data-widget_type=\"image.default\">\n\t\t\t\t<div class=\"elementor-widget-container\">\n\t\t\t\t\t\t\t\t\t\t\t\t\t\t\t<img loading=\"lazy\" decoding=\"async\" width=\"451\" height=\"1024\" src=\"https:\/\/dreamwave-agency.com\/wp-content\/uploads\/2025\/03\/261-02-451x1024.png\" class=\"attachment-large size-large wp-image-468\" alt=\"\" srcset=\"https:\/\/dreamwave-agency.com\/wp-content\/uploads\/2025\/03\/261-02-451x1024.png 451w, https:\/\/dreamwave-agency.com\/wp-content\/uploads\/2025\/03\/261-02-132x300.png 132w, https:\/\/dreamwave-agency.com\/wp-content\/uploads\/2025\/03\/261-02-768x1745.png 768w, https:\/\/dreamwave-agency.com\/wp-content\/uploads\/2025\/03\/261-02-676x1536.png 676w, https:\/\/dreamwave-agency.com\/wp-content\/uploads\/2025\/03\/261-02-902x2048.png 902w, https:\/\/dreamwave-agency.com\/wp-content\/uploads\/2025\/03\/261-02.png 1079w\" sizes=\"(max-width: 451px) 100vw, 451px\" \/>\t\t\t\t\t\t\t\t\t\t\t\t\t\t\t<\/div>\n\t\t\t\t<\/div>\n\t\t\t\t<div class=\"elementor-element elementor-element-0d9eadd elementor-widget elementor-widget-image\" data-id=\"0d9eadd\" data-element_type=\"widget\" data-widget_type=\"image.default\">\n\t\t\t\t<div class=\"elementor-widget-container\">\n\t\t\t\t\t\t\t\t\t\t\t\t\t\t\t<img loading=\"lazy\" decoding=\"async\" width=\"451\" height=\"1024\" src=\"https:\/\/dreamwave-agency.com\/wp-content\/uploads\/2025\/03\/22222-02-451x1024.png\" class=\"attachment-large size-large wp-image-469\" alt=\"\" srcset=\"https:\/\/dreamwave-agency.com\/wp-content\/uploads\/2025\/03\/22222-02-451x1024.png 451w, https:\/\/dreamwave-agency.com\/wp-content\/uploads\/2025\/03\/22222-02-132x300.png 132w, https:\/\/dreamwave-agency.com\/wp-content\/uploads\/2025\/03\/22222-02-768x1745.png 768w, https:\/\/dreamwave-agency.com\/wp-content\/uploads\/2025\/03\/22222-02-676x1536.png 676w, https:\/\/dreamwave-agency.com\/wp-content\/uploads\/2025\/03\/22222-02-902x2048.png 902w, https:\/\/dreamwave-agency.com\/wp-content\/uploads\/2025\/03\/22222-02.png 1079w\" sizes=\"(max-width: 451px) 100vw, 451px\" \/>\t\t\t\t\t\t\t\t\t\t\t\t\t\t\t<\/div>\n\t\t\t\t<\/div>\n\t\t\t\t<div class=\"elementor-element elementor-element-5b62712 elementor-widget elementor-widget-image\" data-id=\"5b62712\" data-element_type=\"widget\" data-widget_type=\"image.default\">\n\t\t\t\t<div class=\"elementor-widget-container\">\n\t\t\t\t\t\t\t\t\t\t\t\t\t\t\t<img loading=\"lazy\" decoding=\"async\" width=\"451\" height=\"1024\" src=\"https:\/\/dreamwave-agency.com\/wp-content\/uploads\/2025\/03\/Sans-titre-1-Recupere-02-451x1024.png\" class=\"attachment-large size-large wp-image-470\" alt=\"\" srcset=\"https:\/\/dreamwave-agency.com\/wp-content\/uploads\/2025\/03\/Sans-titre-1-Recupere-02-451x1024.png 451w, https:\/\/dreamwave-agency.com\/wp-content\/uploads\/2025\/03\/Sans-titre-1-Recupere-02-132x300.png 132w, https:\/\/dreamwave-agency.com\/wp-content\/uploads\/2025\/03\/Sans-titre-1-Recupere-02-768x1745.png 768w, https:\/\/dreamwave-agency.com\/wp-content\/uploads\/2025\/03\/Sans-titre-1-Recupere-02-676x1536.png 676w, https:\/\/dreamwave-agency.com\/wp-content\/uploads\/2025\/03\/Sans-titre-1-Recupere-02-902x2048.png 902w, https:\/\/dreamwave-agency.com\/wp-content\/uploads\/2025\/03\/Sans-titre-1-Recupere-02.png 1079w\" sizes=\"(max-width: 451px) 100vw, 451px\" \/>\t\t\t\t\t\t\t\t\t\t\t\t\t\t\t<\/div>\n\t\t\t\t<\/div>\n\t\t\t\t<\/div>\n\t\t\t\t\t<\/div>\n\t\t\t\t<\/div>\n\t\t\t\t\t<\/div>\n\t\t<\/div>\n\t\t\t\t\t<\/div>\n\t\t<\/section>\n\t\t\t\t\t<\/div>\n\t\t<\/div>\n\t\t\t\t\t<\/div>\n\t\t<\/section>\n\t\t\t\t<\/div>\n\t\t","protected":false},"excerpt":{"rendered":"<p>ACCUEIL A PROPOS \u00e0 propos de nous DREAM WAVE est une agence de publicit\u00e9 et d\u2019\u00e9v\u00e9nementiel \u00e0 la fois dynamique et innovante, cr\u00e9\u00e9e avec l\u2019ambition de donner vie aux id\u00e9es cr\u00e9atives en les transformant en r\u00e9alisations concr\u00e8tes et percutantes. Forts d\u2019une expertise approfondie et d\u2019une passion pour la communication visuelle et \u00e9v\u00e9nementielle, nous mettons notre [&hellip;]<\/p>\n","protected":false},"author":1,"featured_media":0,"parent":0,"menu_order":0,"comment_status":"closed","ping_status":"closed","template":"elementor_header_footer","meta":{"footnotes":""},"class_list":["post-57","page","type-page","status-publish","hentry"],"_links":{"self":[{"href":"https:\/\/dreamwave-agency.com\/index.php\/wp-json\/wp\/v2\/pages\/57","targetHints":{"allow":["GET"]}}],"collection":[{"href":"https:\/\/dreamwave-agency.com\/index.php\/wp-json\/wp\/v2\/pages"}],"about":[{"href":"https:\/\/dreamwave-agency.com\/index.php\/wp-json\/wp\/v2\/types\/page"}],"author":[{"embeddable":true,"href":"https:\/\/dreamwave-agency.com\/index.php\/wp-json\/wp\/v2\/users\/1"}],"replies":[{"embeddable":true,"href":"https:\/\/dreamwave-agency.com\/index.php\/wp-json\/wp\/v2\/comments?post=57"}],"version-history":[{"count":26,"href":"https:\/\/dreamwave-agency.com\/index.php\/wp-json\/wp\/v2\/pages\/57\/revisions"}],"predecessor-version":[{"id":483,"href":"https:\/\/dreamwave-agency.com\/index.php\/wp-json\/wp\/v2\/pages\/57\/revisions\/483"}],"wp:attachment":[{"href":"https:\/\/dreamwave-agency.com\/index.php\/wp-json\/wp\/v2\/media?parent=57"}],"curies":[{"name":"wp","href":"https:\/\/api.w.org\/{rel}","templated":true}]}}